{"id":3176,"date":"2026-02-28T10:10:26","date_gmt":"2026-02-28T10:10:26","guid":{"rendered":"https:\/\/soludrive.fr\/?page_id=3176"},"modified":"2026-02-28T10:15:18","modified_gmt":"2026-02-28T10:15:18","slug":"mentions-legales","status":"publish","type":"page","link":"https:\/\/soludrive.fr\/en\/mentions-legales\/","title":{"rendered":"Mentions l\u00e9gales"},"content":{"rendered":"<div data-elementor-type=\"wp-page\" data-elementor-id=\"3176\" class=\"elementor elementor-3176\">\n\t\t\t\t<div class=\"elementor-element elementor-element-eba9450 e-flex e-con-boxed e-con e-parent\" data-id=\"eba9450\" data-element_type=\"container\" data-e-type=\"container\">\n\t\t\t\t\t<div class=\"e-con-inner\">\n\t\t\t\t<div class=\"elementor-element elementor-element-71eeebf elementor-widget elementor-widget-heading\" data-id=\"71eeebf\" data-element_type=\"widget\" data-e-type=\"widget\" data-widget_type=\"heading.default\">\n\t\t\t\t<div class=\"elementor-widget-container\">\n\t\t\t\t\t<h2 class=\"elementor-heading-title elementor-size-default\">Mentions l\u00e9gales<\/h2>\t\t\t\t<\/div>\n\t\t\t\t<\/div>\n\t\t\t\t\t<\/div>\n\t\t\t\t<\/div>\n\t\t<div class=\"elementor-element elementor-element-7afce59 e-flex e-con-boxed e-con e-parent\" data-id=\"7afce59\" data-element_type=\"container\" data-e-type=\"container\">\n\t\t\t\t\t<div class=\"e-con-inner\">\n\t\t\t\t<div class=\"elementor-element elementor-element-92c44a7 elementor-widget elementor-widget-text-editor\" data-id=\"92c44a7\" data-element_type=\"widget\" data-e-type=\"widget\" data-widget_type=\"text-editor.default\">\n\t\t\t\t<div class=\"elementor-widget-container\">\n\t\t\t\t\t\t\t\t\t<main id=\"inner-wrap\" class=\"wrap kt-clear\" role=\"main\"><\/main><div id=\"primary\" class=\"content-area\"><div class=\"content-container site-container\"><div id=\"main\" class=\"site-main\"><div class=\"content-wrap\"><article id=\"post-477\" class=\"entry content-bg single-entry post-477 page type-page status-publish hentry\"><div class=\"entry-content-wrap\"><div class=\"entry-content single-content\"><h6 class=\"wp-block-heading\"><strong>Propri\u00e9taire et \u00e9diteur du site<\/strong><br \/>SAS Soludrive<br \/>Responsable de la publication : Vincent RENOU<br \/>912 506 920 R.C.S. Angers<\/h6><p>Capital social : 2 000 \u20ac<br \/>Si\u00e8ge social : 10A chemin de la Chabolais, 49000 \u00c9couflant, France<br \/>T\u00e9l\u00e9phone : 06 52 37 63 37<br \/>Email :\u00a0<a>contact@soludrive.fr<\/a><\/p><p><strong>Conception et r\u00e9alisation<\/strong><br \/>Le site a \u00e9t\u00e9 con\u00e7u et r\u00e9alis\u00e9 par SAS Soludrive.<\/p><p><strong>H\u00e9bergement<\/strong><br \/>Le site Soludrive.fr est h\u00e9berg\u00e9 par :<br \/>Hostinger International Ltd<br \/>61 Lordou Vironos Street, 6023 Larnaca, Chypre<br \/>Contact :\u00a0<a class=\"\" href=\"https:\/\/www.hostinger.fr\/contact\">https:\/\/www.hostinger.fr\/contact<\/a><\/p><p><strong>Donn\u00e9es personnelles<\/strong><br \/>Les informations personnelles \u00e9ventuellement recueillies sur le site sont destin\u00e9es exclusivement \u00e0 l\u2019usage interne de Soludrive.<br \/>Conform\u00e9ment au R\u00e8glement G\u00e9n\u00e9ral sur la Protection des Donn\u00e9es (RGPD), vous disposez d\u2019un droit d\u2019acc\u00e8s, de rectification, d\u2019effacement et de portabilit\u00e9 de vos donn\u00e9es personnelles.<br \/>Pour toute demande, contactez :\u00a0<a>contact@soludrive.fr<\/a>.<\/p><p><strong>Cookies<\/strong><br \/>La navigation sur le site peut entra\u00eener l\u2019installation de cookies sur votre terminal. Ces cookies sont utilis\u00e9s uniquement pour am\u00e9liorer votre exp\u00e9rience de navigation.<br \/>Un bandeau d\u2019information est affich\u00e9 \u00e0 votre premi\u00e8re visite pour recueillir votre consentement.<\/p><\/div><\/div><\/article><\/div><\/div><\/div><\/div>\t\t\t\t\t\t\t\t<\/div>\n\t\t\t\t<\/div>\n\t\t\t\t\t<\/div>\n\t\t\t\t<\/div>\n\t\t\t\t<\/div>","protected":false},"excerpt":{"rendered":"<p>Mentions l\u00e9gales Propri\u00e9taire et \u00e9diteur du siteSAS SoludriveResponsable de la publication : Vincent RENOU912 506 920 R.C.S. Angers Capital social [&hellip;]<\/p>\n","protected":false},"author":1,"featured_media":0,"parent":0,"menu_order":0,"comment_status":"closed","ping_status":"closed","template":"","meta":{"site-sidebar-layout":"no-sidebar","site-content-layout":"","ast-site-content-layout":"full-width-container","site-content-style":"default","site-sidebar-style":"default","ast-global-header-display":"","ast-banner-title-visibility":"","ast-main-header-display":"","ast-hfb-above-header-display":"","ast-hfb-below-header-display":"","ast-hfb-mobile-header-display":"","site-post-title":"","ast-breadcrumbs-content":"","ast-featured-img":"disabled","footer-sml-layout":"","ast-disable-related-posts":"","theme-transparent-header-meta":"","adv-header-id-meta":"","stick-header-meta":"","header-above-stick-meta":"","header-main-stick-meta":"","header-below-stick-meta":"","astra-migrate-meta-layouts":"default","ast-page-background-enabled":"default","ast-page-background-meta":{"desktop":{"background-color":"var(--ast-global-color-4)","background-image":"","background-repeat":"repeat","background-position":"center center","background-size":"auto","background-attachment":"scroll","background-type":"","background-media":"","overlay-type":"","overlay-color":"","overlay-opacity":"","overlay-gradient":""},"tablet":{"background-color":"","background-image":"","background-repeat":"repeat","background-position":"center center","background-size":"auto","background-attachment":"scroll","background-type":"","background-media":"","overlay-type":"","overlay-color":"","overlay-opacity":"","overlay-gradient":""},"mobile":{"background-color":"","background-image":"","background-repeat":"repeat","background-position":"center center","background-size":"auto","background-attachment":"scroll","background-type":"","background-media":"","overlay-type":"","overlay-color":"","overlay-opacity":"","overlay-gradient":""}},"ast-content-background-meta":{"desktop":{"background-color":"var(--ast-global-color-5)","background-image":"","background-repeat":"repeat","background-position":"center center","background-size":"auto","background-attachment":"scroll","background-type":"","background-media":"","overlay-type":"","overlay-color":"","overlay-opacity":"","overlay-gradient":""},"tablet":{"background-color":"var(--ast-global-color-5)","background-image":"","background-repeat":"repeat","background-position":"center center","background-size":"auto","background-attachment":"scroll","background-type":"","background-media":"","overlay-type":"","overlay-color":"","overlay-opacity":"","overlay-gradient":""},"mobile":{"background-color":"var(--ast-global-color-5)","background-image":"","background-repeat":"repeat","background-position":"center center","background-size":"auto","background-attachment":"scroll","background-type":"","background-media":"","overlay-type":"","overlay-color":"","overlay-opacity":"","overlay-gradient":""}},"footnotes":""},"class_list":["post-3176","page","type-page","status-publish","hentry"],"yoast_head":"<!-- This site is optimized with the Yoast SEO Premium plugin v21.5 (Yoast SEO v27.3) - https:\/\/yoast.com\/product\/yoast-seo-premium-wordpress\/ -->\n<title>Mentions l\u00e9gales - Soludrive - VTC \u00e0 Angers<\/title>\n<meta name=\"robots\" content=\"index, follow, max-snippet:-1, max-image-preview:large, max-video-preview:-1\" \/>\n<link rel=\"canonical\" href=\"https:\/\/soludrive.fr\/en\/mentions-legales\/\" \/>\n<meta property=\"og:locale\" content=\"en_US\" \/>\n<meta property=\"og:type\" content=\"article\" \/>\n<meta property=\"og:title\" content=\"Mentions l\u00e9gales\" \/>\n<meta property=\"og:description\" content=\"Mentions l\u00e9gales Propri\u00e9taire et \u00e9diteur du siteSAS SoludriveResponsable de la publication : Vincent RENOU912 506 920 R.C.S. Angers Capital social [&hellip;]\" \/>\n<meta property=\"og:url\" content=\"https:\/\/soludrive.fr\/en\/mentions-legales\/\" \/>\n<meta property=\"og:site_name\" content=\"Soludrive - VTC \u00e0 Angers\" \/>\n<meta property=\"article:modified_time\" content=\"2026-02-28T10:15:18+00:00\" \/>\n<meta name=\"twitter:card\" content=\"summary_large_image\" \/>\n<meta name=\"twitter:label1\" content=\"Est. reading time\" \/>\n\t<meta name=\"twitter:data1\" content=\"1 minute\" \/>\n<script type=\"application\/ld+json\" class=\"yoast-schema-graph\">{\"@context\":\"https:\\\/\\\/schema.org\",\"@graph\":[{\"@type\":\"WebPage\",\"@id\":\"https:\\\/\\\/soludrive.fr\\\/mentions-legales\\\/\",\"url\":\"https:\\\/\\\/soludrive.fr\\\/mentions-legales\\\/\",\"name\":\"Mentions l\u00e9gales - Soludrive - VTC \u00e0 Angers\",\"isPartOf\":{\"@id\":\"https:\\\/\\\/soludrive.fr\\\/#website\"},\"datePublished\":\"2026-02-28T10:10:26+00:00\",\"dateModified\":\"2026-02-28T10:15:18+00:00\",\"breadcrumb\":{\"@id\":\"https:\\\/\\\/soludrive.fr\\\/mentions-legales\\\/#breadcrumb\"},\"inLanguage\":\"en-US\",\"potentialAction\":[{\"@type\":\"ReadAction\",\"target\":[\"https:\\\/\\\/soludrive.fr\\\/mentions-legales\\\/\"]}]},{\"@type\":\"BreadcrumbList\",\"@id\":\"https:\\\/\\\/soludrive.fr\\\/mentions-legales\\\/#breadcrumb\",\"itemListElement\":[{\"@type\":\"ListItem\",\"position\":1,\"name\":\"Accueil\",\"item\":\"https:\\\/\\\/soludrive.fr\\\/\"},{\"@type\":\"ListItem\",\"position\":2,\"name\":\"Mentions l\u00e9gales\"}]},{\"@type\":\"WebSite\",\"@id\":\"https:\\\/\\\/soludrive.fr\\\/#website\",\"url\":\"https:\\\/\\\/soludrive.fr\\\/\",\"name\":\"Soludrive - VTC \u00e0 Angers\",\"description\":\"Soludrive VTC et chauffeur priv\u00e9 \u00e0 Angers\",\"publisher\":{\"@id\":\"https:\\\/\\\/soludrive.fr\\\/#organization\"},\"potentialAction\":[{\"@type\":\"SearchAction\",\"target\":{\"@type\":\"EntryPoint\",\"urlTemplate\":\"https:\\\/\\\/soludrive.fr\\\/?s={search_term_string}\"},\"query-input\":{\"@type\":\"PropertyValueSpecification\",\"valueRequired\":true,\"valueName\":\"search_term_string\"}}],\"inLanguage\":\"en-US\"},{\"@type\":\"Organization\",\"@id\":\"https:\\\/\\\/soludrive.fr\\\/#organization\",\"name\":\"Soludrive\",\"url\":\"https:\\\/\\\/soludrive.fr\\\/\",\"logo\":{\"@type\":\"ImageObject\",\"inLanguage\":\"en-US\",\"@id\":\"https:\\\/\\\/soludrive.fr\\\/#\\\/schema\\\/logo\\\/image\\\/\",\"url\":\"https:\\\/\\\/soludrive.fr\\\/wp-content\\\/uploads\\\/2026\\\/03\\\/logo-soludrive.png\",\"contentUrl\":\"https:\\\/\\\/soludrive.fr\\\/wp-content\\\/uploads\\\/2026\\\/03\\\/logo-soludrive.png\",\"width\":1536,\"height\":1024,\"caption\":\"Soludrive\"},\"image\":{\"@id\":\"https:\\\/\\\/soludrive.fr\\\/#\\\/schema\\\/logo\\\/image\\\/\"},\"sameAs\":[\"https:\\\/\\\/www.instagram.com\\\/soludrive\\\/\"]}]}<\/script>\n<!-- \/ Yoast SEO Premium plugin. -->","yoast_head_json":{"title":"Mentions l\u00e9gales - Soludrive - VTC \u00e0 Angers","robots":{"index":"index","follow":"follow","max-snippet":"max-snippet:-1","max-image-preview":"max-image-preview:large","max-video-preview":"max-video-preview:-1"},"canonical":"https:\/\/soludrive.fr\/en\/mentions-legales\/","og_locale":"en_US","og_type":"article","og_title":"Mentions l\u00e9gales","og_description":"Mentions l\u00e9gales Propri\u00e9taire et \u00e9diteur du siteSAS SoludriveResponsable de la publication : Vincent RENOU912 506 920 R.C.S. Angers Capital social [&hellip;]","og_url":"https:\/\/soludrive.fr\/en\/mentions-legales\/","og_site_name":"Soludrive - VTC \u00e0 Angers","article_modified_time":"2026-02-28T10:15:18+00:00","twitter_card":"summary_large_image","twitter_misc":{"Est. reading time":"1 minute"},"schema":{"@context":"https:\/\/schema.org","@graph":[{"@type":"WebPage","@id":"https:\/\/soludrive.fr\/mentions-legales\/","url":"https:\/\/soludrive.fr\/mentions-legales\/","name":"Mentions l\u00e9gales - Soludrive - VTC \u00e0 Angers","isPartOf":{"@id":"https:\/\/soludrive.fr\/#website"},"datePublished":"2026-02-28T10:10:26+00:00","dateModified":"2026-02-28T10:15:18+00:00","breadcrumb":{"@id":"https:\/\/soludrive.fr\/mentions-legales\/#breadcrumb"},"inLanguage":"en-US","potentialAction":[{"@type":"ReadAction","target":["https:\/\/soludrive.fr\/mentions-legales\/"]}]},{"@type":"BreadcrumbList","@id":"https:\/\/soludrive.fr\/mentions-legales\/#breadcrumb","itemListElement":[{"@type":"ListItem","position":1,"name":"Accueil","item":"https:\/\/soludrive.fr\/"},{"@type":"ListItem","position":2,"name":"Mentions l\u00e9gales"}]},{"@type":"WebSite","@id":"https:\/\/soludrive.fr\/#website","url":"https:\/\/soludrive.fr\/","name":"Soludrive - VTC \u00e0 Angers","description":"Soludrive VTC et chauffeur priv\u00e9 \u00e0 Angers","publisher":{"@id":"https:\/\/soludrive.fr\/#organization"},"potentialAction":[{"@type":"SearchAction","target":{"@type":"EntryPoint","urlTemplate":"https:\/\/soludrive.fr\/?s={search_term_string}"},"query-input":{"@type":"PropertyValueSpecification","valueRequired":true,"valueName":"search_term_string"}}],"inLanguage":"en-US"},{"@type":"Organization","@id":"https:\/\/soludrive.fr\/#organization","name":"Soludrive","url":"https:\/\/soludrive.fr\/","logo":{"@type":"ImageObject","inLanguage":"en-US","@id":"https:\/\/soludrive.fr\/#\/schema\/logo\/image\/","url":"https:\/\/soludrive.fr\/wp-content\/uploads\/2026\/03\/logo-soludrive.png","contentUrl":"https:\/\/soludrive.fr\/wp-content\/uploads\/2026\/03\/logo-soludrive.png","width":1536,"height":1024,"caption":"Soludrive"},"image":{"@id":"https:\/\/soludrive.fr\/#\/schema\/logo\/image\/"},"sameAs":["https:\/\/www.instagram.com\/soludrive\/"]}]}},"_links":{"self":[{"href":"https:\/\/soludrive.fr\/en\/wp-json\/wp\/v2\/pages\/3176","targetHints":{"allow":["GET"]}}],"collection":[{"href":"https:\/\/soludrive.fr\/en\/wp-json\/wp\/v2\/pages"}],"about":[{"href":"https:\/\/soludrive.fr\/en\/wp-json\/wp\/v2\/types\/page"}],"author":[{"embeddable":true,"href":"https:\/\/soludrive.fr\/en\/wp-json\/wp\/v2\/users\/1"}],"replies":[{"embeddable":true,"href":"https:\/\/soludrive.fr\/en\/wp-json\/wp\/v2\/comments?post=3176"}],"version-history":[{"count":0,"href":"https:\/\/soludrive.fr\/en\/wp-json\/wp\/v2\/pages\/3176\/revisions"}],"wp:attachment":[{"href":"https:\/\/soludrive.fr\/en\/wp-json\/wp\/v2\/media?parent=3176"}],"curies":[{"name":"wp","href":"https:\/\/api.w.org\/{rel}","templated":true}]}}