{"id":3183,"date":"2026-03-08T17:10:29","date_gmt":"2026-03-08T17:10:29","guid":{"rendered":"https:\/\/soludrive.fr\/?page_id=3183"},"modified":"2026-04-16T11:15:52","modified_gmt":"2026-04-16T11:15:52","slug":"conditions-generales-de-vente-cgv","status":"publish","type":"page","link":"https:\/\/soludrive.fr\/en\/conditions-generales-de-vente-cgv\/","title":{"rendered":"Conditions g\u00e9n\u00e9rales de vente (CGV)"},"content":{"rendered":"<div data-elementor-type=\"wp-page\" data-elementor-id=\"3183\" class=\"elementor elementor-3183\">\n\t\t\t\t<div class=\"elementor-element elementor-element-2620828 e-flex e-con-boxed e-con e-parent\" data-id=\"2620828\" data-element_type=\"container\" data-e-type=\"container\">\n\t\t\t\t\t<div class=\"e-con-inner\">\n\t\t\t\t<div class=\"elementor-element elementor-element-21e3499 elementor-widget elementor-widget-heading\" data-id=\"21e3499\" data-element_type=\"widget\" data-e-type=\"widget\" data-widget_type=\"heading.default\">\n\t\t\t\t<div class=\"elementor-widget-container\">\n\t\t\t\t\t<h2 class=\"elementor-heading-title elementor-size-default\">Conditions g\u00e9n\u00e9rales de vente\u200b<\/h2>\t\t\t\t<\/div>\n\t\t\t\t<\/div>\n\t\t\t\t\t<\/div>\n\t\t\t\t<\/div>\n\t\t<div class=\"elementor-element elementor-element-c32fa9f e-flex e-con-boxed e-con e-parent\" data-id=\"c32fa9f\" data-element_type=\"container\" data-e-type=\"container\">\n\t\t\t\t\t<div class=\"e-con-inner\">\n\t\t\t\t<div class=\"elementor-element elementor-element-82b0a94 elementor-widget elementor-widget-text-editor\" data-id=\"82b0a94\" data-element_type=\"widget\" data-e-type=\"widget\" data-widget_type=\"text-editor.default\">\n\t\t\t\t<div class=\"elementor-widget-container\">\n\t\t\t\t\t\t\t\t\t<p class=\"kt-adv-heading479_f93b39-a4 wp-block-kadence-advancedheading\" data-kb-block=\"kb-adv-heading479_f93b39-a4\"><strong>1 \u2013 R\u00e9servation<\/strong><\/p><p class=\"has-theme-palette-9-color has-text-color\">Toute demande de r\u00e9servation peut \u00eatre effectu\u00e9e, par t\u00e9l\u00e9phone ou par mail.<\/p><p class=\"has-theme-palette-9-color has-text-color\">Toute r\u00e9servation effectu\u00e9e aupr\u00e8s de Soludrive, que ce soit par appel t\u00e9l\u00e9phonique, SMS, ou Email entra\u00eene l\u2019acceptation sans r\u00e9serve des pr\u00e9sentes conditions g\u00e9n\u00e9rales de vente.<\/p><p class=\"has-theme-palette-9-color has-text-color\">Apr\u00e8s r\u00e9ception des informations concernant vos d\u00e9placements, vous recevrez une confirmation par e-mail ou sms.<\/p><p class=\"kt-adv-heading479_f7bf3f-aa wp-block-kadence-advancedheading\" data-kb-block=\"kb-adv-heading479_f7bf3f-aa\"><strong>2 \u2013 Tarifs et conditions de paiements<\/strong><\/p><p class=\"has-theme-palette-9-color has-text-color\">Fix\u00e9 lors de la r\u00e9servation, le tarif de la prestation comprend le transfert avec la mise \u00e0 disposition d\u2019un v\u00e9hicule avec chauffeur ainsi qu\u2019une assurance professionnelle pour les passagers du v\u00e9hicule qui couvre les risques li\u00e9s \u00e0 son activit\u00e9 conform\u00e9ment \u00e0 la l\u00e9gislation en vigueur.<\/p><p class=\"has-theme-palette-9-color has-text-color\">Modes de paiement accept\u00e9s : Esp\u00e8ces, cartes bancaires, ainsi que virement bancaire (sous conditions pr\u00e9alablement \u00e9tablies avec le prestataire).<\/p><p class=\"has-theme-palette-9-color has-text-color\">Tous les tarifs sont fix\u00e9s \u00e0 l\u2019avance, n\u00e9anmoins des modifications peuvent \u00eatre apport\u00e9es lors d\u2019un changement de destination au cours de la prise en charge.<\/p><p class=\"has-theme-palette-9-color has-text-color\">Toute d\u00e9t\u00e9rioration du mat\u00e9riel et tout dommage caus\u00e9 sera \u00e0 la charge du client.\u00a0<\/p><p class=\"has-theme-palette-9-color has-text-color\">Pour tous trajets de longue distance, la soci\u00e9t\u00e9 Soludrive se r\u00e9serve le droit de demander un acompte.<\/p><p class=\"kt-adv-heading479_0c3ba0-28 wp-block-kadence-advancedheading\" data-kb-block=\"kb-adv-heading479_0c3ba0-28\"><strong>3 \u2013 Prestation<\/strong><\/p><p class=\"has-theme-palette-9-color has-text-color\">La prestation se r\u00e9alise le jour et \u00e0 l\u2019heure pr\u00e9cis\u00e9e lors de la r\u00e9servation.\u00a0<\/p><p class=\"has-theme-palette-9-color has-text-color\">Les difficult\u00e9s de circulation ind\u00e9pendantes de notre volont\u00e9 peuvent modifier les temps de parcours pr\u00e9vus et ne sauraient engager notre responsabilit\u00e9 en cas de retard (embouteillages, accidents, fermetures d\u2019axes routiers, etc\u2026).<\/p><p class=\"has-theme-palette-9-color has-text-color\">Les retards li\u00e9s \u00e0 une modification du temps de trajet pr\u00e9vu (accident, difficult\u00e9 de circulation etc\u2026) n\u2019engagent en aucun cas la responsabilit\u00e9 de la soci\u00e9t\u00e9 Soludrive.<\/p><p class=\"kt-adv-heading479_0da656-c0 wp-block-kadence-advancedheading\" data-kb-block=\"kb-adv-heading479_0da656-c0\"><strong>4 \u2013 Prise en charge<\/strong><\/p><p class=\"has-theme-palette-9-color has-text-color\">Lors de la prise en charge le client s\u2019engage \u00e0 respecter les conditions suivantes\u00a0:\u00a0<\/p><p class=\"has-theme-palette-9-color has-text-color\">\u2013 Se tenir pr\u00eat au point de rendez-vous \u00e0 l\u2019heure et au jour convenu lors de la r\u00e9servation.<\/p><p class=\"has-theme-palette-9-color has-text-color\">\u2013 \u00catre joignable par le prestataire<\/p><p class=\"has-theme-palette-9-color has-text-color\">En cas de non-respect des conditions de prise en charge, la soci\u00e9t\u00e9 Soludrive se r\u00e9serve le droit de facturer des frais suppl\u00e9mentaires.<\/p><p class=\"kt-adv-heading479_4b2fcb-6f wp-block-kadence-advancedheading\" data-kb-block=\"kb-adv-heading479_4b2fcb-6f\"><strong>5 \u2013 Conditions de transport<\/strong><\/p><p class=\"has-theme-palette-9-color has-text-color\">Lors du trajet, le client s\u2019engage \u00e0 respecter les conditions suivantes\u00a0:<\/p><p class=\"has-theme-palette-9-color has-text-color\">\u2013 v\u00e9hicule non-fumeur<\/p><p class=\"has-theme-palette-9-color has-text-color\">\u2013 respect des r\u00e8gles de s\u00e9curit\u00e9 (ceinture, port du masque etc\u2026)<\/p><p class=\"has-theme-palette-9-color has-text-color\">\u2013 ouverture des portes du v\u00e9hicule par le chauffeur<\/p><p class=\"has-theme-palette-9-color has-text-color\">\u2013 comportement ne mettant pas en p\u00e9ril la s\u00e9curit\u00e9 du chauffeur<\/p><p class=\"has-theme-palette-9-color has-text-color\">En cas de non-respect des conditions de transport, la soci\u00e9t\u00e9 Soludrive se r\u00e9serve le droit d\u2019interrompre la prestation de service et\/ou d\u2019effectuer un constat \u00e0 la charge du client.<\/p><p class=\"kt-adv-heading479_6e68cf-46 wp-block-kadence-advancedheading\" data-kb-block=\"kb-adv-heading479_6e68cf-46\"><strong>6 \u2013 Modification\/annulation \u00e0 la demande du Client<\/strong><\/p><div>Annulation gratuite jusqu\u2019\u00e0 72h avant la prise en charge<\/div><div>\u2022 Entre 48h et 24h avant : facturation de 50 % du montant de la prestation<\/div><div>\u2022 Moins de 24h avant ou non-pr\u00e9sentation du client : facturation de 100 % de la prestation<\/div><div>\u2022 En cas de circonstances exceptionnelles (force majeure), possibilit\u00e9 d\u2019\u00e9tude au cas par cas<br \/><br \/><\/div><p class=\"kt-adv-heading479_eb578c-f3 wp-block-kadence-advancedheading\" data-kb-block=\"kb-adv-heading479_eb578c-f3\"><strong>7 \u2013 Modification\/annulation \u00e0 la demande de la soci\u00e9t\u00e9 Soludrive<\/strong><\/p><p class=\"has-theme-palette-9-color has-text-color\">La modification ou l\u2019annulation d\u2019une r\u00e9servation \u00e0 la demande de la soci\u00e9t\u00e9 Soludrive sera communiqu\u00e9e au plus tard 48 heures avant le d\u00e9part.<\/p><p class=\"has-theme-palette-9-color has-text-color\"><strong>Cette annulation donnera lieu au remboursement de la prestation.<\/strong><\/p><p class=\"kt-adv-heading479_6b40b3-cb wp-block-kadence-advancedheading\" data-kb-block=\"kb-adv-heading479_6b40b3-cb\"><strong>8 \u2013 R\u00e9clamation<\/strong><\/p><p class=\"has-theme-palette-9-color has-text-color\">Un d\u00e9lai de 7 jours est accord\u00e9 au client pour toute r\u00e9clamation concernant la prestation. Celle-ci se fera par lettre recommand\u00e9e avec accus\u00e9 de r\u00e9ception \u00e0 l\u2019adresse suivante : Soludrive, 10 a chemin de la Chabolais, 49000 Ecouflant.<\/p><p class=\"kt-adv-heading479_8655d7-c4 wp-block-kadence-advancedheading\" data-kb-block=\"kb-adv-heading479_8655d7-c4\"><strong>9 \u2013 Informatique et libert\u00e9s<\/strong><\/p><p class=\"has-theme-palette-9-color has-text-color\">Le client reconna\u00eet que des renseignements personnels le concernant ont \u00e9t\u00e9 fournis par ses soins \u00e0 la soci\u00e9t\u00e9 Soludrive, dans le but d\u2019effectuer sa r\u00e9servation. Le client autorise la soci\u00e9t\u00e9 Soludrive \u00e0 d\u00e9tenir de telles informations dans son syst\u00e8me informatique<\/p><p class=\"has-theme-palette-9-color has-text-color\">Ces informations sont soumises \u00e0 la r\u00e9glementation en vigueur notamment concernant les prescriptions de la CNIL. Conform\u00e9ment \u00e0 la loi fran\u00e7aise \u00ab Informatique &amp; Libert\u00e9s \u00bb n\u00b078-17 du 06\/01\/1979, le client dispose d\u2019un droit d\u2019acc\u00e8s et de rectification des donn\u00e9es le concernant. Le client peut exercer ce droit aupr\u00e8s de nos services par simple courrier ou mail.<\/p><p class=\"kt-adv-heading479_23f20b-9a wp-block-kadence-advancedheading\" data-kb-block=\"kb-adv-heading479_23f20b-9a\"><strong>10 \u2013 Loi applicable<\/strong><\/p><p class=\"kt-adv-heading479_3a463b-8d wp-block-kadence-advancedheading\" data-kb-block=\"kb-adv-heading479_3a463b-8d\">En cas de litiges entre la soci\u00e9t\u00e9 Soludrive et ses clients, ceux-ci seront soumis aux tribunaux comp\u00e9tents<\/p><p class=\"has-theme-palette-2-color has-text-color\"><strong>11 \u2013 D\u00e9lai de paiement<\/strong><\/p><p class=\"has-theme-palette-9-color has-text-color\">Le d\u00e9cret n\u00b0 2012-1115 du 2 octobre 2012 pr\u00e9voit une indemnit\u00e9 forfaitaire pour frais de recouvrement. Cette indemnit\u00e9 s\u2019\u00e9l\u00e8ve \u00e0 40 \u20ac. Elle s\u2019applique depuis le 1er janvier 2013. Elle s\u2019ajoute aux p\u00e9nalit\u00e9s existantes, pour tout professionnel en situation de retard de paiement.<\/p>\t\t\t\t\t\t\t\t<\/div>\n\t\t\t\t<\/div>\n\t\t\t\t\t<\/div>\n\t\t\t\t<\/div>\n\t\t\t\t<\/div>","protected":false},"excerpt":{"rendered":"<p>Conditions g\u00e9n\u00e9rales de vente\u200b 1 \u2013 R\u00e9servation Toute demande de r\u00e9servation peut \u00eatre effectu\u00e9e, par t\u00e9l\u00e9phone ou par mail. Toute [&hellip;]<\/p>\n","protected":false},"author":1,"featured_media":0,"parent":0,"menu_order":0,"comment_status":"closed","ping_status":"closed","template":"","meta":{"site-sidebar-layout":"no-sidebar","site-content-layout":"","ast-site-content-layout":"full-width-container","site-content-style":"default","site-sidebar-style":"default","ast-global-header-display":"","ast-banner-title-visibility":"","ast-main-header-display":"","ast-hfb-above-header-display":"","ast-hfb-below-header-display":"","ast-hfb-mobile-header-display":"","site-post-title":"","ast-breadcrumbs-content":"","ast-featured-img":"disabled","footer-sml-layout":"","ast-disable-related-posts":"","theme-transparent-header-meta":"","adv-header-id-meta":"","stick-header-meta":"","header-above-stick-meta":"","header-main-stick-meta":"","header-below-stick-meta":"","astra-migrate-meta-layouts":"default","ast-page-background-enabled":"default","ast-page-background-meta":{"desktop":{"background-color":"var(--ast-global-color-4)","background-image":"","background-repeat":"repeat","background-position":"center center","background-size":"auto","background-attachment":"scroll","background-type":"","background-media":"","overlay-type":"","overlay-color":"","overlay-opacity":"","overlay-gradient":""},"tablet":{"background-color":"","background-image":"","background-repeat":"repeat","background-position":"center center","background-size":"auto","background-attachment":"scroll","background-type":"","background-media":"","overlay-type":"","overlay-color":"","overlay-opacity":"","overlay-gradient":""},"mobile":{"background-color":"","background-image":"","background-repeat":"repeat","background-position":"center center","background-size":"auto","background-attachment":"scroll","background-type":"","background-media":"","overlay-type":"","overlay-color":"","overlay-opacity":"","overlay-gradient":""}},"ast-content-background-meta":{"desktop":{"background-color":"var(--ast-global-color-5)","background-image":"","background-repeat":"repeat","background-position":"center center","background-size":"auto","background-attachment":"scroll","background-type":"","background-media":"","overlay-type":"","overlay-color":"","overlay-opacity":"","overlay-gradient":""},"tablet":{"background-color":"var(--ast-global-color-5)","background-image":"","background-repeat":"repeat","background-position":"center center","background-size":"auto","background-attachment":"scroll","background-type":"","background-media":"","overlay-type":"","overlay-color":"","overlay-opacity":"","overlay-gradient":""},"mobile":{"background-color":"var(--ast-global-color-5)","background-image":"","background-repeat":"repeat","background-position":"center center","background-size":"auto","background-attachment":"scroll","background-type":"","background-media":"","overlay-type":"","overlay-color":"","overlay-opacity":"","overlay-gradient":""}},"footnotes":""},"class_list":["post-3183","page","type-page","status-publish","hentry"],"yoast_head":"<!-- This site is optimized with the Yoast SEO Premium plugin v21.5 (Yoast SEO v27.5) - https:\/\/yoast.com\/product\/yoast-seo-premium-wordpress\/ -->\n<title>Conditions g\u00e9n\u00e9rales de vente (CGV) - Soludrive - VTC \u00e0 Angers<\/title>\n<meta name=\"robots\" content=\"index, follow, max-snippet:-1, max-image-preview:large, max-video-preview:-1\" \/>\n<link rel=\"canonical\" href=\"https:\/\/soludrive.fr\/en\/conditions-generales-de-vente-cgv\/\" \/>\n<meta property=\"og:locale\" content=\"en_US\" \/>\n<meta property=\"og:type\" content=\"article\" \/>\n<meta property=\"og:title\" content=\"Conditions g\u00e9n\u00e9rales de vente (CGV)\" \/>\n<meta property=\"og:description\" content=\"Conditions g\u00e9n\u00e9rales de vente\u200b 1 \u2013 R\u00e9servation Toute demande de r\u00e9servation peut \u00eatre effectu\u00e9e, par t\u00e9l\u00e9phone ou par mail. Toute [&hellip;]\" \/>\n<meta property=\"og:url\" content=\"https:\/\/soludrive.fr\/en\/conditions-generales-de-vente-cgv\/\" \/>\n<meta property=\"og:site_name\" content=\"Soludrive - VTC \u00e0 Angers\" \/>\n<meta property=\"article:modified_time\" content=\"2026-04-16T11:15:52+00:00\" \/>\n<meta name=\"twitter:card\" content=\"summary_large_image\" \/>\n<meta name=\"twitter:label1\" content=\"Est. reading time\" \/>\n\t<meta name=\"twitter:data1\" content=\"4 minutes\" \/>\n<script type=\"application\/ld+json\" class=\"yoast-schema-graph\">{\"@context\":\"https:\\\/\\\/schema.org\",\"@graph\":[{\"@type\":\"WebPage\",\"@id\":\"https:\\\/\\\/soludrive.fr\\\/conditions-generales-de-vente-cgv\\\/\",\"url\":\"https:\\\/\\\/soludrive.fr\\\/conditions-generales-de-vente-cgv\\\/\",\"name\":\"Conditions g\u00e9n\u00e9rales de vente (CGV) - Soludrive - VTC \u00e0 Angers\",\"isPartOf\":{\"@id\":\"https:\\\/\\\/soludrive.fr\\\/#website\"},\"datePublished\":\"2026-03-08T17:10:29+00:00\",\"dateModified\":\"2026-04-16T11:15:52+00:00\",\"breadcrumb\":{\"@id\":\"https:\\\/\\\/soludrive.fr\\\/conditions-generales-de-vente-cgv\\\/#breadcrumb\"},\"inLanguage\":\"en-US\",\"potentialAction\":[{\"@type\":\"ReadAction\",\"target\":[\"https:\\\/\\\/soludrive.fr\\\/conditions-generales-de-vente-cgv\\\/\"]}]},{\"@type\":\"BreadcrumbList\",\"@id\":\"https:\\\/\\\/soludrive.fr\\\/conditions-generales-de-vente-cgv\\\/#breadcrumb\",\"itemListElement\":[{\"@type\":\"ListItem\",\"position\":1,\"name\":\"Accueil\",\"item\":\"https:\\\/\\\/soludrive.fr\\\/\"},{\"@type\":\"ListItem\",\"position\":2,\"name\":\"Conditions g\u00e9n\u00e9rales de vente (CGV)\"}]},{\"@type\":\"WebSite\",\"@id\":\"https:\\\/\\\/soludrive.fr\\\/#website\",\"url\":\"https:\\\/\\\/soludrive.fr\\\/\",\"name\":\"Soludrive - VTC \u00e0 Angers\",\"description\":\"Soludrive VTC et chauffeur priv\u00e9 \u00e0 Angers\",\"publisher\":{\"@id\":\"https:\\\/\\\/soludrive.fr\\\/#organization\"},\"potentialAction\":[{\"@type\":\"SearchAction\",\"target\":{\"@type\":\"EntryPoint\",\"urlTemplate\":\"https:\\\/\\\/soludrive.fr\\\/?s={search_term_string}\"},\"query-input\":{\"@type\":\"PropertyValueSpecification\",\"valueRequired\":true,\"valueName\":\"search_term_string\"}}],\"inLanguage\":\"en-US\"},{\"@type\":\"Organization\",\"@id\":\"https:\\\/\\\/soludrive.fr\\\/#organization\",\"name\":\"Soludrive\",\"url\":\"https:\\\/\\\/soludrive.fr\\\/\",\"logo\":{\"@type\":\"ImageObject\",\"inLanguage\":\"en-US\",\"@id\":\"https:\\\/\\\/soludrive.fr\\\/#\\\/schema\\\/logo\\\/image\\\/\",\"url\":\"https:\\\/\\\/soludrive.fr\\\/wp-content\\\/uploads\\\/2026\\\/03\\\/logo-soludrive.png\",\"contentUrl\":\"https:\\\/\\\/soludrive.fr\\\/wp-content\\\/uploads\\\/2026\\\/03\\\/logo-soludrive.png\",\"width\":1536,\"height\":1024,\"caption\":\"Soludrive\"},\"image\":{\"@id\":\"https:\\\/\\\/soludrive.fr\\\/#\\\/schema\\\/logo\\\/image\\\/\"},\"sameAs\":[\"https:\\\/\\\/www.instagram.com\\\/soludrive\\\/\"]}]}<\/script>\n<!-- \/ Yoast SEO Premium plugin. -->","yoast_head_json":{"title":"Conditions g\u00e9n\u00e9rales de vente (CGV) - Soludrive - VTC \u00e0 Angers","robots":{"index":"index","follow":"follow","max-snippet":"max-snippet:-1","max-image-preview":"max-image-preview:large","max-video-preview":"max-video-preview:-1"},"canonical":"https:\/\/soludrive.fr\/en\/conditions-generales-de-vente-cgv\/","og_locale":"en_US","og_type":"article","og_title":"Conditions g\u00e9n\u00e9rales de vente (CGV)","og_description":"Conditions g\u00e9n\u00e9rales de vente\u200b 1 \u2013 R\u00e9servation Toute demande de r\u00e9servation peut \u00eatre effectu\u00e9e, par t\u00e9l\u00e9phone ou par mail. Toute [&hellip;]","og_url":"https:\/\/soludrive.fr\/en\/conditions-generales-de-vente-cgv\/","og_site_name":"Soludrive - VTC \u00e0 Angers","article_modified_time":"2026-04-16T11:15:52+00:00","twitter_card":"summary_large_image","twitter_misc":{"Est. reading time":"4 minutes"},"schema":{"@context":"https:\/\/schema.org","@graph":[{"@type":"WebPage","@id":"https:\/\/soludrive.fr\/conditions-generales-de-vente-cgv\/","url":"https:\/\/soludrive.fr\/conditions-generales-de-vente-cgv\/","name":"Conditions g\u00e9n\u00e9rales de vente (CGV) - Soludrive - VTC \u00e0 Angers","isPartOf":{"@id":"https:\/\/soludrive.fr\/#website"},"datePublished":"2026-03-08T17:10:29+00:00","dateModified":"2026-04-16T11:15:52+00:00","breadcrumb":{"@id":"https:\/\/soludrive.fr\/conditions-generales-de-vente-cgv\/#breadcrumb"},"inLanguage":"en-US","potentialAction":[{"@type":"ReadAction","target":["https:\/\/soludrive.fr\/conditions-generales-de-vente-cgv\/"]}]},{"@type":"BreadcrumbList","@id":"https:\/\/soludrive.fr\/conditions-generales-de-vente-cgv\/#breadcrumb","itemListElement":[{"@type":"ListItem","position":1,"name":"Accueil","item":"https:\/\/soludrive.fr\/"},{"@type":"ListItem","position":2,"name":"Conditions g\u00e9n\u00e9rales de vente (CGV)"}]},{"@type":"WebSite","@id":"https:\/\/soludrive.fr\/#website","url":"https:\/\/soludrive.fr\/","name":"Soludrive - VTC \u00e0 Angers","description":"Soludrive VTC et chauffeur priv\u00e9 \u00e0 Angers","publisher":{"@id":"https:\/\/soludrive.fr\/#organization"},"potentialAction":[{"@type":"SearchAction","target":{"@type":"EntryPoint","urlTemplate":"https:\/\/soludrive.fr\/?s={search_term_string}"},"query-input":{"@type":"PropertyValueSpecification","valueRequired":true,"valueName":"search_term_string"}}],"inLanguage":"en-US"},{"@type":"Organization","@id":"https:\/\/soludrive.fr\/#organization","name":"Soludrive","url":"https:\/\/soludrive.fr\/","logo":{"@type":"ImageObject","inLanguage":"en-US","@id":"https:\/\/soludrive.fr\/#\/schema\/logo\/image\/","url":"https:\/\/soludrive.fr\/wp-content\/uploads\/2026\/03\/logo-soludrive.png","contentUrl":"https:\/\/soludrive.fr\/wp-content\/uploads\/2026\/03\/logo-soludrive.png","width":1536,"height":1024,"caption":"Soludrive"},"image":{"@id":"https:\/\/soludrive.fr\/#\/schema\/logo\/image\/"},"sameAs":["https:\/\/www.instagram.com\/soludrive\/"]}]}},"_links":{"self":[{"href":"https:\/\/soludrive.fr\/en\/wp-json\/wp\/v2\/pages\/3183","targetHints":{"allow":["GET"]}}],"collection":[{"href":"https:\/\/soludrive.fr\/en\/wp-json\/wp\/v2\/pages"}],"about":[{"href":"https:\/\/soludrive.fr\/en\/wp-json\/wp\/v2\/types\/page"}],"author":[{"embeddable":true,"href":"https:\/\/soludrive.fr\/en\/wp-json\/wp\/v2\/users\/1"}],"replies":[{"embeddable":true,"href":"https:\/\/soludrive.fr\/en\/wp-json\/wp\/v2\/comments?post=3183"}],"version-history":[{"count":0,"href":"https:\/\/soludrive.fr\/en\/wp-json\/wp\/v2\/pages\/3183\/revisions"}],"wp:attachment":[{"href":"https:\/\/soludrive.fr\/en\/wp-json\/wp\/v2\/media?parent=3183"}],"curies":[{"name":"wp","href":"https:\/\/api.w.org\/{rel}","templated":true}]}}